{"id":116941,"date":"2019-01-02T12:52:24","date_gmt":"2019-01-02T12:52:24","guid":{"rendered":"http:\/\/www.ndg.com.br\/site\/?page_id=116941"},"modified":"2026-02-05T12:07:57","modified_gmt":"2026-02-05T12:07:57","slug":"www-ndg-com-br","status":"publish","type":"page","link":"https:\/\/www.ndg.com.br\/site\/","title":{"rendered":"NDG BRANDING"},"content":{"rendered":"<p>[et_pb_section fb_built=&#8221;1&#8243; admin_label=&#8221;Hero Section&#8221; _builder_version=&#8221;4.16&#8243; background_position=&#8221;bottom_center&#8221; custom_padding=&#8221;100px|0px|100px|0px&#8221; global_colors_info=&#8221;{}&#8221;][et_pb_row column_structure=&#8221;1_2,1_2&#8243; admin_label=&#8221;Accepts Payment everywhere&#8221; _builder_version=&#8221;4.16&#8243; background_size=&#8221;initial&#8221; background_position=&#8221;top_left&#8221; background_repeat=&#8221;repeat&#8221; width=&#8221;100%&#8221; max_width=&#8221;70%&#8221; custom_padding=&#8221;|||&#8221; global_colors_info=&#8221;{}&#8221;][et_pb_column type=&#8221;1_2&#8243; _builder_version=&#8221;4.16&#8243; custom_padding=&#8221;|||&#8221; global_colors_info=&#8221;{}&#8221; custom_padding__hover=&#8221;|||&#8221;][et_pb_image src=&#8221;https:\/\/www.ndg.com.br\/site\/wp-content\/uploads\/2018\/12\/NDG-BRANDING-LOGO.png&#8221; title_text=&#8221;NDG-BRANDING-LOGO&#8221; align=&#8221;center&#8221; force_fullwidth=&#8221;on&#8221; admin_label=&#8221;Marca&#8221; _builder_version=&#8221;4.25.1&#8243; module_alignment=&#8221;left&#8221; animation_style=&#8221;fade&#8221; animation_duration=&#8221;1250ms&#8221; always_center_on_mobile=&#8221;off&#8221; global_colors_info=&#8221;{}&#8221;][\/et_pb_image][\/et_pb_column][et_pb_column type=&#8221;1_2&#8243; _builder_version=&#8221;4.16&#8243; background_blend=&#8221;overlay&#8221; custom_padding=&#8221;|||&#8221; global_colors_info=&#8221;{}&#8221; custom_padding__hover=&#8221;|||&#8221;][et_pb_divider show_divider=&#8221;off&#8221; _builder_version=&#8221;4.16&#8243; height=&#8221;50px&#8221; global_colors_info=&#8221;{}&#8221;][\/et_pb_divider][et_pb_text admin_label=&#8221;Cuidamos&#8221; _builder_version=&#8221;4.16&#8243; text_font=&#8221;PT Sans||||||||&#8221; text_text_color=&#8221;rgba(255,255,255,0.7)&#8221; text_font_size=&#8221;17px&#8221; text_line_height=&#8221;1.8em&#8221; header_font=&#8221;Poppins|500|||||||&#8221; header_font_size=&#8221;39px&#8221; header_line_height=&#8221;1.3em&#8221; header_2_font=&#8221;||||||||&#8221; header_3_font=&#8221;||||||||&#8221; header_4_font=&#8221;||||||||&#8221; background_layout=&#8221;dark&#8221; max_width_tablet=&#8221;&#8221; max_width_phone=&#8221;&#8221; max_width_last_edited=&#8221;on|phone&#8221; animation_style=&#8221;fold&#8221; global_colors_info=&#8221;{}&#8221;]<\/p>\n<h1><span style=\"color: #000000;\">H\u00e1 mais de <strong>18 anos<\/strong> construindo e gerenciando\u00a0 <strong>marcas<\/strong> <strong>fortes<\/strong>, <strong>relevantes<\/strong> e de <strong>valor<\/strong>.<\/span><\/h1>\n<p><span style=\"color: #000000;\">Desde 2007 conectamos marcas e pessoas, impulsionamos neg\u00f3cios e projetos, geramos valor e resultados em diversos segmentos, incluindo varejo, ind\u00fastria, gastronomia e eventos, para clientes no <strong>Brasil<\/strong>, <strong>Estados<\/strong> <strong>Unidos<\/strong>, <strong>Portugal<\/strong> e <strong>Angola<\/strong>.<\/span><\/p>\n<p><span style=\"font-size: small;\"><a href=\"http:\/\/www.ndg.com.br\/site\/ndg-branding-english-version\/\"><strong><span style=\"color: #000000;\"><\/span><\/strong><\/a><\/span><\/p>\n<p>[\/et_pb_text][et_pb_text admin_label=&#8221;Cuidamos&#8221; _builder_version=&#8221;4.16&#8243; text_font=&#8221;PT Sans||||||||&#8221; text_text_color=&#8221;rgba(255,255,255,0.7)&#8221; text_font_size=&#8221;18px&#8221; text_line_height=&#8221;1.8em&#8221; header_font=&#8221;Poppins|500|||||||&#8221; header_font_size=&#8221;44px&#8221; header_line_height=&#8221;1.3em&#8221; header_2_font=&#8221;||||||||&#8221; header_3_font=&#8221;||||||||&#8221; header_4_font=&#8221;||||||||&#8221; background_layout=&#8221;dark&#8221; animation_style=&#8221;fold&#8221; global_colors_info=&#8221;{}&#8221;]<\/p>\n<h1><span style=\"color: #000000;\">Vamos conversar?<\/span><\/h1>\n<p><span style=\"color: #000000;\">Ser\u00e1 um prazer conhecer as suas necessidades e apresentar a nossa metodologia.<\/span><\/p>\n<p><span style=\"font-size: small;\"><a href=\"http:\/\/www.ndg.com.br\/site\/ndg-branding-english-version\/\"><strong><span style=\"color: #000000;\"><\/span><\/strong><\/a><\/span><\/p>\n<p>[\/et_pb_text][\/et_pb_column][\/et_pb_row][et_pb_row column_structure=&#8221;1_5,1_5,1_5,1_5,1_5&#8243; _builder_version=&#8221;4.16&#8243; global_colors_info=&#8221;{}&#8221;][et_pb_column type=&#8221;1_5&#8243; _builder_version=&#8221;4.16&#8243; custom_padding=&#8221;|||&#8221; global_colors_info=&#8221;{}&#8221; custom_padding__hover=&#8221;|||&#8221;][\/et_pb_column][et_pb_column type=&#8221;1_5&#8243; _builder_version=&#8221;4.16&#8243; custom_padding=&#8221;|||&#8221; global_colors_info=&#8221;{}&#8221; custom_padding__hover=&#8221;|||&#8221;][\/et_pb_column][et_pb_column type=&#8221;1_5&#8243; _builder_version=&#8221;4.16&#8243; custom_padding=&#8221;|||&#8221; global_colors_info=&#8221;{}&#8221; custom_padding__hover=&#8221;|||&#8221;][\/et_pb_column][et_pb_column type=&#8221;1_5&#8243; _builder_version=&#8221;4.16&#8243; custom_padding=&#8221;|||&#8221; global_colors_info=&#8221;{}&#8221; custom_padding__hover=&#8221;|||&#8221;][et_pb_team_member name=&#8221;Marcilio Alves&#8221; position=&#8221;marcilio@ndg.com.br&#8221; image_url=&#8221;https:\/\/www.ndg.com.br\/site\/wp-content\/uploads\/2026\/02\/MARCILIO-ALVES-NDG-BRANDING.png&#8221; icon_color=&#8221;#000000&#8243; admin_label=&#8221;Marcilio&#8221; _builder_version=&#8221;4.27.5&#8243; header_font=&#8221;Lato|700|||||||&#8221; header_text_color=&#8221;#000000&#8243; header_font_size=&#8221;18px&#8221; header_line_height=&#8221;1.8em&#8221; position_text_color=&#8221;#a7ba00&#8243; text_orientation=&#8221;center&#8221; background_layout=&#8221;dark&#8221; max_width_tablet=&#8221;&#8221; max_width_phone=&#8221;240px&#8221; max_width_last_edited=&#8221;on|phone&#8221; module_alignment=&#8221;center&#8221; animation_style=&#8221;fold&#8221; link_option_url=&#8221;https:\/\/www.instagram.com\/marcilioalves\/&#8221; header_font_size_tablet=&#8221;16px&#8221; header_font_size_phone=&#8221;&#8221; header_font_size_last_edited=&#8221;on|tablet&#8221; border_radii_image=&#8221;on|100px|100px|100px|100px&#8221; locked=&#8221;off&#8221; global_colors_info=&#8221;{}&#8221;]<\/p>\n<p><span style=\"color: #000000;\">+55 31 99605-5971<\/span><\/p>\n<p>[\/et_pb_team_member][\/et_pb_column][et_pb_column type=&#8221;1_5&#8243; _builder_version=&#8221;4.16&#8243; custom_padding=&#8221;|||&#8221; global_colors_info=&#8221;{}&#8221; custom_padding__hover=&#8221;|||&#8221;][et_pb_team_member name=&#8221;Tamara Alves&#8221; position=&#8221;tamara@ndg.com.br&#8221; image_url=&#8221;https:\/\/www.ndg.com.br\/site\/wp-content\/uploads\/2026\/02\/TAMARA-ALVES-NDG-BRANDING.png&#8221; icon_color=&#8221;#ffffff&#8221; admin_label=&#8221;Tamara&#8221; _builder_version=&#8221;4.27.5&#8243; header_font=&#8221;Lato|700|||||||&#8221; header_text_color=&#8221;#000000&#8243; header_font_size=&#8221;18px&#8221; header_line_height=&#8221;1.8em&#8221; position_text_color=&#8221;#a7ba00&#8243; text_orientation=&#8221;center&#8221; background_layout=&#8221;dark&#8221; max_width_tablet=&#8221;&#8221; max_width_phone=&#8221;240px&#8221; max_width_last_edited=&#8221;on|phone&#8221; module_alignment=&#8221;center&#8221; animation_style=&#8221;fold&#8221; header_font_size_tablet=&#8221;16px&#8221; header_font_size_phone=&#8221;&#8221; header_font_size_last_edited=&#8221;on|tablet&#8221; border_radii_image=&#8221;on|200px|200px|200px|200px&#8221; global_colors_info=&#8221;{}&#8221;]<\/p>\n<p><span style=\"color: #000000;\">+55 31 99961-5971<\/span><\/p>\n<p>[\/et_pb_team_member][\/et_pb_column][\/et_pb_row][\/et_pb_section]<\/p>\n","protected":false},"excerpt":{"rendered":"<p>H\u00e1 mais de 18 anos construindo e gerenciando\u00a0 marcas fortes, relevantes e de valor. Desde 2007 conectamos marcas e pessoas, impulsionamos neg\u00f3cios e projetos, geramos valor e resultados em diversos segmentos, incluindo varejo, ind\u00fastria, gastronomia e eventos, para clientes no Brasil, Estados Unidos, Portugal e Angola. Vamos conversar? Ser\u00e1 um prazer conhecer as suas necessidades [&hellip;]<\/p>\n","protected":false},"author":1,"featured_media":0,"parent":0,"menu_order":0,"comment_status":"closed","ping_status":"closed","template":"page-template-blank.php","meta":{"_et_pb_use_builder":"on","_et_pb_old_content":"","_et_gb_content_width":"","footnotes":""},"class_list":["post-116941","page","type-page","status-publish","hentry"],"_links":{"self":[{"href":"https:\/\/www.ndg.com.br\/site\/wp-json\/wp\/v2\/pages\/116941","targetHints":{"allow":["GET"]}}],"collection":[{"href":"https:\/\/www.ndg.com.br\/site\/wp-json\/wp\/v2\/pages"}],"about":[{"href":"https:\/\/www.ndg.com.br\/site\/wp-json\/wp\/v2\/types\/page"}],"author":[{"embeddable":true,"href":"https:\/\/www.ndg.com.br\/site\/wp-json\/wp\/v2\/users\/1"}],"replies":[{"embeddable":true,"href":"https:\/\/www.ndg.com.br\/site\/wp-json\/wp\/v2\/comments?post=116941"}],"version-history":[{"count":7,"href":"https:\/\/www.ndg.com.br\/site\/wp-json\/wp\/v2\/pages\/116941\/revisions"}],"predecessor-version":[{"id":121294,"href":"https:\/\/www.ndg.com.br\/site\/wp-json\/wp\/v2\/pages\/116941\/revisions\/121294"}],"wp:attachment":[{"href":"https:\/\/www.ndg.com.br\/site\/wp-json\/wp\/v2\/media?parent=116941"}],"curies":[{"name":"wp","href":"https:\/\/api.w.org\/{rel}","templated":true}]}}